{"id":11,"date":"2025-06-09T14:34:13","date_gmt":"2025-06-09T14:34:13","guid":{"rendered":"https:\/\/www.informatika-jemec.si\/?page_id=11"},"modified":"2025-06-10T10:12:33","modified_gmt":"2025-06-10T09:12:33","slug":"storitve","status":"publish","type":"page","link":"https:\/\/www.informatika-jemec.si\/index.php\/storitve\/","title":{"rendered":"Storitve"},"content":{"rendered":"<p>[et_pb_section fb_built=&#8221;1&#8243; admin_label=&#8221;Hero&#8221; _builder_version=&#8221;4.18.0&#8243; _module_preset=&#8221;default&#8221; locked=&#8221;off&#8221; collapsed=&#8221;on&#8221; global_colors_info=&#8221;{}&#8221;][et_pb_row _builder_version=&#8221;4.24.2&#8243; _module_preset=&#8221;5138c454-be54-4233-bd3b-f8e6a8747976&#8243; locked=&#8221;off&#8221; global_colors_info=&#8221;{}&#8221;][et_pb_column type=&#8221;4_4&#8243; _builder_version=&#8221;4.23.1&#8243; _module_preset=&#8221;73121f80-a3ef-4484-8763-c3f18e3c56d2&#8243; global_colors_info=&#8221;{}&#8221;][et_pb_heading title=&#8221;Va\u0161 zanesljiv IT partner za vse potrebe&#8221; _builder_version=&#8221;4.24.2&#8243; _module_preset=&#8221;f0c675ea-2574-4d0e-b725-30f8550a8550&#8243; title_text_align=&#8221;center&#8221; title_text_color=&#8221;gcid-primary-color&#8221; locked=&#8221;off&#8221; global_colors_info=&#8221;{%22gcid-primary-color%22:%91%22title_text_color%22%93}&#8221;][\/et_pb_heading][et_pb_heading title=&#8221;Storitve za brezskrbno IT delovanje&#8221; _builder_version=&#8221;4.24.2&#8243; _module_preset=&#8221;ddeb8c09-9078-4424-bc15-2efb6572e28e&#8221; title_text_align=&#8221;center&#8221; locked=&#8221;off&#8221; global_colors_info=&#8221;{%22gcid-primary-color%22:%91%22title_text_color%22%93}&#8221;][\/et_pb_heading][et_pb_text _builder_version=&#8221;4.24.3&#8243; _module_preset=&#8221;2c55a9c4-feed-423b-9edb-ae0b5b365cac&#8221; text_orientation=&#8221;center&#8221; locked=&#8221;off&#8221; global_colors_info=&#8221;{}&#8221;]<\/p>\n<p>Odkrijte celovite IT re\u0161itve, ki zagotavljajo nemoteno delovanje va\u0161ega podjetja.<\/p>\n<p>[\/et_pb_text][et_pb_button button_text=&#8221;Izvedite ve\u010d&#8221; button_alignment=&#8221;center&#8221; _builder_version=&#8221;4.24.3&#8243; _module_preset=&#8221;1bffc0fc-42a0-49d1-bd9a-ae3ade2d7206&#8243; button_bg_color=&#8221;gcid-secondary-color&#8221; locked=&#8221;off&#8221; global_colors_info=&#8221;{%22gcid-secondary-color%22:%91%22button_bg_color%22%93}&#8221;][\/et_pb_button][et_pb_image src=&#8221;https:\/\/images.unsplash.com\/photo-1517245386807-bb43f82c33c4?ixid=M3w1ODkyNzF8MHwxfHNlYXJjaHwzfHxJVCUyMHN1cHBvcnQlMjB0ZWFtfGVufDB8MHx8fDE3NDk0Nzk1MjN8MA&#038;ixlib=rb-4.1.0&#038;fm=webp&#038;fit=crop&#038;crop=entropy&#038;w=1080&#038;h=600&#038;q=20&#038;dpr=2&#8243; title_text=&#8221;1080&#215;600&#8243; align=&#8221;center&#8221; _builder_version=&#8221;4.25.2&#8243; _module_preset=&#8221;1cc6152f-565c-4c4d-b0c9-cf8c9576c341&#8243; box_shadow_style=&#8221;preset4&#8243; box_shadow_horizontal=&#8221;0px&#8221; box_shadow_vertical=&#8221;24px&#8221; box_shadow_blur=&#8221;72px&#8221; box_shadow_spread=&#8221;-12px&#8221; locked=&#8221;off&#8221; global_colors_info=&#8221;{}&#8221;][\/et_pb_image][\/et_pb_column][\/et_pb_row][\/et_pb_section][et_pb_section fb_built=&#8221;1&#8243; admin_label=&#8221;Services&#8221; _builder_version=&#8221;4.19.0&#8243; _module_preset=&#8221;default&#8221; locked=&#8221;off&#8221; collapsed=&#8221;on&#8221; global_colors_info=&#8221;{}&#8221;][et_pb_row _builder_version=&#8221;4.17.6&#8243; _module_preset=&#8221;5138c454-be54-4233-bd3b-f8e6a8747976&#8243; locked=&#8221;off&#8221; global_colors_info=&#8221;{}&#8221;][et_pb_column type=&#8221;4_4&#8243; _builder_version=&#8221;4.17.3&#8243; _module_preset=&#8221;73121f80-a3ef-4484-8763-c3f18e3c56d2&#8243; global_colors_info=&#8221;{}&#8221;][et_pb_heading title=&#8221;Na\u0161e Storitve&#8221; _builder_version=&#8221;4.24.2&#8243; _module_preset=&#8221;c33f07d9-41e0-421a-8799-5799df695cce&#8221; locked=&#8221;off&#8221; global_colors_info=&#8221;{}&#8221;][\/et_pb_heading][\/et_pb_column][\/et_pb_row][et_pb_row column_structure=&#8221;1_3,1_3,1_3&#8243; custom_padding_last_edited=&#8221;on|tablet&#8221; _builder_version=&#8221;4.24.2&#8243; _module_preset=&#8221;5138c454-be54-4233-bd3b-f8e6a8747976&#8243; custom_padding_tablet=&#8221;||0px||false|false&#8221; custom_padding_phone=&#8221;||0px||false|false&#8221; locked=&#8221;off&#8221; global_colors_info=&#8221;{}&#8221;][et_pb_column type=&#8221;1_3&#8243; _builder_version=&#8221;4.18.0&#8243; _module_preset=&#8221;73121f80-a3ef-4484-8763-c3f18e3c56d2&#8243; global_colors_info=&#8221;{}&#8221;][et_pb_blurb title=&#8221;Vzdr\u017eevanje sistemov&#8221; use_icon=&#8221;on&#8221; font_icon=&#8221;&#xf0a0;||fa||400&#8243; _builder_version=&#8221;4.24.3&#8243; _module_preset=&#8221;212b201d-2c34-41bd-936c-851b7357d08b&#8221; global_colors_info=&#8221;{%22gcid-body-color%22:%91%22body_text_color%22,%22body_text_color%22%93,%22gcid-heading-color%22:%91%22header_text_color%22,%22header_text_color%22%93}&#8221;]<\/p>\n<p>Zagotovite si zanesljivo delovanje s stalnim vzdr\u017eevanjem va\u0161ih IT sistemov.<\/p>\n<p>[\/et_pb_blurb][\/et_pb_column][et_pb_column type=&#8221;1_3&#8243; _builder_version=&#8221;4.18.0&#8243; _module_preset=&#8221;73121f80-a3ef-4484-8763-c3f18e3c56d2&#8243; global_colors_info=&#8221;{}&#8221;][et_pb_blurb title=&#8221;Re\u0161itve za varnostne kopije&#8221; use_icon=&#8221;on&#8221; font_icon=&#8221;&#xe070;||divi||400&#8243; _builder_version=&#8221;4.24.3&#8243; _module_preset=&#8221;212b201d-2c34-41bd-936c-851b7357d08b&#8221; locked=&#8221;off&#8221; global_colors_info=&#8221;{%22gcid-body-color%22:%91%22body_text_color%22,%22body_text_color%22%93,%22gcid-heading-color%22:%91%22header_text_color%22,%22header_text_color%22,%22header_text_color%22,%22header_text_color%22%93,%22gcid-secondary-color%22:%91%22icon_color%22%93}&#8221;]<\/p>\n<p>Za\u0161\u010ditite svoje podatke z na\u0161imi naprednimi re\u0161itvami za varnostne kopije.<\/p>\n<p>[\/et_pb_blurb][\/et_pb_column][et_pb_column type=&#8221;1_3&#8243; _builder_version=&#8221;4.18.0&#8243; _module_preset=&#8221;73121f80-a3ef-4484-8763-c3f18e3c56d2&#8243; global_colors_info=&#8221;{}&#8221;][et_pb_blurb title=&#8221;IT svetovanje&#8221; use_icon=&#8221;on&#8221; font_icon=&#8221;&#xf509;||fa||900&#8243; _builder_version=&#8221;4.24.3&#8243; _module_preset=&#8221;212b201d-2c34-41bd-936c-851b7357d08b&#8221; locked=&#8221;off&#8221; global_colors_info=&#8221;{%22gcid-body-color%22:%91%22body_text_color%22,%22body_text_color%22,%22body_text_color%22,%22body_text_color%22%93,%22gcid-heading-color%22:%91%22header_text_color%22,%22header_text_color%22,%22header_text_color%22,%22header_text_color%22%93,%22gcid-secondary-color%22:%91%22icon_color%22%93}&#8221;]<\/p>\n<p>Optimizirajte svoje IT procese z na\u0161imi strokovnimi svetovalnimi storitvami.<\/p>\n<p>[\/et_pb_blurb][\/et_pb_column][\/et_pb_row][\/et_pb_section][et_pb_section fb_built=&#8221;1&#8243; admin_label=&#8221;Features&#8221; _builder_version=&#8221;4.18.0&#8243; _module_preset=&#8221;default&#8221; locked=&#8221;off&#8221; collapsed=&#8221;on&#8221; global_colors_info=&#8221;{}&#8221;][et_pb_row _builder_version=&#8221;4.23.1&#8243; _module_preset=&#8221;5138c454-be54-4233-bd3b-f8e6a8747976&#8243; custom_padding=&#8221;||0px|||&#8221; global_colors_info=&#8221;{}&#8221;][et_pb_column type=&#8221;4_4&#8243; _builder_version=&#8221;4.23.1&#8243; _module_preset=&#8221;73121f80-a3ef-4484-8763-c3f18e3c56d2&#8243; global_colors_info=&#8221;{}&#8221;][et_pb_heading title=&#8221;Klju\u010dne Zna\u010dilnosti&#8221; _builder_version=&#8221;4.24.3&#8243; _module_preset=&#8221;c33f07d9-41e0-421a-8799-5799df695cce&#8221; locked=&#8221;off&#8221; global_colors_info=&#8221;{}&#8221;][\/et_pb_heading][\/et_pb_column][\/et_pb_row][et_pb_row column_structure=&#8221;1_3,1_3,1_3&#8243; _builder_version=&#8221;4.18.0&#8243; _module_preset=&#8221;5138c454-be54-4233-bd3b-f8e6a8747976&#8243; global_colors_info=&#8221;{}&#8221;][et_pb_column type=&#8221;1_3&#8243; _builder_version=&#8221;4.16.0&#8243; _module_preset=&#8221;73121f80-a3ef-4484-8763-c3f18e3c56d2&#8243; global_colors_info=&#8221;{}&#8221;][et_pb_blurb title=&#8221;Prilagodljive re\u0161itve&#8221; use_icon=&#8221;on&#8221; font_icon=&#8221;&#x66;||divi||400&#8243; _builder_version=&#8221;4.24.3&#8243; _module_preset=&#8221;1ea53d41-9439-472c-8d8b-7bddb3bf9444&#8243; global_colors_info=&#8221;{}&#8221;][\/et_pb_blurb][et_pb_blurb title=&#8221;Strokovna podpora&#8221; use_icon=&#8221;on&#8221; font_icon=&#8221;&#xf590;||fa||900&#8243; _builder_version=&#8221;4.23&#8243; _module_preset=&#8221;1ea53d41-9439-472c-8d8b-7bddb3bf9444&#8243; global_colors_info=&#8221;{}&#8221;][\/et_pb_blurb][et_pb_blurb title=&#8221;Napredna tehnologija&#8221; use_icon=&#8221;on&#8221; font_icon=&#8221;&#xe071;||divi||400&#8243; _builder_version=&#8221;4.23&#8243; _module_preset=&#8221;1ea53d41-9439-472c-8d8b-7bddb3bf9444&#8243; global_colors_info=&#8221;{}&#8221;][\/et_pb_blurb][et_pb_blurb title=&#8221;Zanesljivost in varnost&#8221; use_icon=&#8221;on&#8221; font_icon=&#8221;&#xe0f6;||divi||400&#8243; _builder_version=&#8221;4.23&#8243; _module_preset=&#8221;1ea53d41-9439-472c-8d8b-7bddb3bf9444&#8243; locked=&#8221;off&#8221; global_colors_info=&#8221;{}&#8221;][\/et_pb_blurb][et_pb_blurb title=&#8221;Hitro odzivanje&#8221; use_icon=&#8221;on&#8221; font_icon=&#8221;&#xf164;||fa||400&#8243; _builder_version=&#8221;4.23&#8243; _module_preset=&#8221;1ea53d41-9439-472c-8d8b-7bddb3bf9444&#8243; locked=&#8221;off&#8221; global_colors_info=&#8221;{}&#8221;][\/et_pb_blurb][\/et_pb_column][et_pb_column type=&#8221;1_3&#8243; _builder_version=&#8221;4.16.0&#8243; _module_preset=&#8221;73121f80-a3ef-4484-8763-c3f18e3c56d2&#8243; global_colors_info=&#8221;{}&#8221;][et_pb_blurb title=&#8221;Celovita podpora&#8221; use_icon=&#8221;on&#8221; font_icon=&#8221;&#xf199;||fa||900&#8243; _builder_version=&#8221;4.23.1&#8243; _module_preset=&#8221;1ea53d41-9439-472c-8d8b-7bddb3bf9444&#8243; locked=&#8221;off&#8221; global_colors_info=&#8221;{}&#8221;][\/et_pb_blurb][et_pb_blurb title=&#8221;Visoka razpolo\u017eljivost&#8221; use_icon=&#8221;on&#8221; font_icon=&#8221;&#xf14a;||fa||400&#8243; _builder_version=&#8221;4.23&#8243; _module_preset=&#8221;1ea53d41-9439-472c-8d8b-7bddb3bf9444&#8243; global_colors_info=&#8221;{}&#8221;][\/et_pb_blurb][et_pb_blurb title=&#8221;Optimizacija stro\u0161kov&#8221; use_icon=&#8221;on&#8221; font_icon=&#8221;&#xf53c;||fa||900&#8243; _builder_version=&#8221;4.23&#8243; _module_preset=&#8221;1ea53d41-9439-472c-8d8b-7bddb3bf9444&#8243; global_colors_info=&#8221;{}&#8221;][\/et_pb_blurb][et_pb_blurb title=&#8221;Inovativne metode&#8221; use_icon=&#8221;on&#8221; font_icon=&#8221;&#xe012;||divi||400&#8243; _builder_version=&#8221;4.23&#8243; _module_preset=&#8221;1ea53d41-9439-472c-8d8b-7bddb3bf9444&#8243; locked=&#8221;off&#8221; global_colors_info=&#8221;{}&#8221;][\/et_pb_blurb][et_pb_blurb title=&#8221;Prilagojene storitve&#8221; use_icon=&#8221;on&#8221; font_icon=&#8221;&#xf0ae;||fa||900&#8243; _builder_version=&#8221;4.23&#8243; _module_preset=&#8221;1ea53d41-9439-472c-8d8b-7bddb3bf9444&#8243; global_colors_info=&#8221;{}&#8221;][\/et_pb_blurb][\/et_pb_column][et_pb_column type=&#8221;1_3&#8243; _builder_version=&#8221;4.16.0&#8243; _module_preset=&#8221;73121f80-a3ef-4484-8763-c3f18e3c56d2&#8243; global_colors_info=&#8221;{}&#8221;][et_pb_blurb title=&#8221;Proaktivno vzdr\u017eevanje&#8221; use_icon=&#8221;on&#8221; font_icon=&#8221;&#xf7d9;||fa||900&#8243; _builder_version=&#8221;4.23&#8243; _module_preset=&#8221;1ea53d41-9439-472c-8d8b-7bddb3bf9444&#8243; global_colors_info=&#8221;{}&#8221;][\/et_pb_blurb][et_pb_blurb title=&#8221;Mo\u017ena Podpora 24\/7&#8243; use_icon=&#8221;on&#8221; font_icon=&#8221;&#xf235;||fa||900&#8243; _builder_version=&#8221;4.27.4&#8243; _module_preset=&#8221;1ea53d41-9439-472c-8d8b-7bddb3bf9444&#8243; global_colors_info=&#8221;{}&#8221;][\/et_pb_blurb][et_pb_blurb title=&#8221;Pove\u010dana u\u010dinkovitost&#8221; use_icon=&#8221;on&#8221; font_icon=&#8221;&#xf200;||fa||900&#8243; _builder_version=&#8221;4.23&#8243; _module_preset=&#8221;1ea53d41-9439-472c-8d8b-7bddb3bf9444&#8243; global_colors_info=&#8221;{}&#8221;][\/et_pb_blurb][et_pb_blurb title=&#8221;Zmanj\u0161anje tveganj&#8221; use_icon=&#8221;on&#8221; font_icon=&#8221;&#xe0f1;||divi||400&#8243; _builder_version=&#8221;4.23&#8243; _module_preset=&#8221;1ea53d41-9439-472c-8d8b-7bddb3bf9444&#8243; locked=&#8221;off&#8221; global_colors_info=&#8221;{}&#8221;][\/et_pb_blurb][et_pb_blurb title=&#8221;Pove\u010dana produktivnost&#8221; use_icon=&#8221;on&#8221; font_icon=&#8221;&#xf509;||fa||900&#8243; _builder_version=&#8221;4.23&#8243; _module_preset=&#8221;1ea53d41-9439-472c-8d8b-7bddb3bf9444&#8243; locked=&#8221;off&#8221; global_colors_info=&#8221;{}&#8221;][\/et_pb_blurb][\/et_pb_column][\/et_pb_row][\/et_pb_section][et_pb_section fb_built=&#8221;1&#8243; admin_label=&#8221;About&#8221; _builder_version=&#8221;4.25.1&#8243; _module_preset=&#8221;default&#8221; collapsed=&#8221;on&#8221; global_colors_info=&#8221;{}&#8221;][et_pb_row _builder_version=&#8221;4.25.1&#8243; _module_preset=&#8221;default&#8221; global_colors_info=&#8221;{}&#8221;][et_pb_column type=&#8221;4_4&#8243; _builder_version=&#8221;4.25.1&#8243; _module_preset=&#8221;default&#8221; global_colors_info=&#8221;{}&#8221;][et_pb_heading title=&#8221;O Nas&#8221; _builder_version=&#8221;4.25.1&#8243; _module_preset=&#8221;c33f07d9-41e0-421a-8799-5799df695cce&#8221; global_colors_info=&#8221;{}&#8221;][\/et_pb_heading][\/et_pb_column][\/et_pb_row][et_pb_row column_structure=&#8221;1_2,1_2&#8243; _builder_version=&#8221;4.25.1&#8243; _module_preset=&#8221;default&#8221; global_colors_info=&#8221;{}&#8221;][et_pb_column type=&#8221;1_2&#8243; _builder_version=&#8221;4.25.1&#8243; _module_preset=&#8221;default&#8221; global_colors_info=&#8221;{}&#8221;][et_pb_text _builder_version=&#8221;4.25.1&#8243; _module_preset=&#8221;2c55a9c4-feed-423b-9edb-ae0b5b365cac&#8221; global_colors_info=&#8221;{}&#8221;]Informatika Jemec d.o.o. je \u017ee ve\u010d kot desetletje zanesljiv partner na podro\u010dju IT re\u0161itev. Na\u0161a misija je zagotavljati celovite in prilagojene IT storitve, ki vklju\u010dujejo vzdr\u017eevanje sistemov, varnostne kopije in IT svetovanje. Zavezani smo k inovacijam in odli\u010dnosti, kar potrjujejo \u0161tevilne zadovoljne stranke. Na\u0161a ekipa strokovnjakov je predana zagotavljanju najvi\u0161je kakovosti storitev, ki podpirajo rast in uspeh va\u0161ega podjetja.[\/et_pb_text][\/et_pb_column][et_pb_column type=&#8221;1_2&#8243; _builder_version=&#8221;4.25.1&#8243; _module_preset=&#8221;default&#8221; global_colors_info=&#8221;{}&#8221;][et_pb_text _builder_version=&#8221;4.25.1&#8243; _module_preset=&#8221;2c55a9c4-feed-423b-9edb-ae0b5b365cac&#8221; locked=&#8221;off&#8221; global_colors_info=&#8221;{}&#8221;]Na\u0161a vizija je postati vodilni ponudnik IT storitev v regiji, ki se osredoto\u010da na zagotavljanje varnih in u\u010dinkovitih re\u0161itev za podjetja vseh velikosti. S stalnim vlaganjem v znanje in tehnologijo si prizadevamo za ustvarjanje dolgoro\u010dnih partnerstev z na\u0161imi strankami, ki temeljijo na zaupanju in uspehu.[\/et_pb_text][\/et_pb_column][\/et_pb_row][\/et_pb_section][et_pb_section fb_built=&#8221;1&#8243; admin_label=&#8221;Call to Action&#8221; _builder_version=&#8221;4.24.2&#8243; _module_preset=&#8221;default&#8221; background_color=&#8221;gcid-primary-color&#8221; locked=&#8221;off&#8221; collapsed=&#8221;on&#8221; global_colors_info=&#8221;{%22gcid-primary-color%22:%91%22background_color%22%93}&#8221;][et_pb_row column_structure=&#8221;2_3,1_3&#8243; _builder_version=&#8221;4.18.0&#8243; _module_preset=&#8221;5138c454-be54-4233-bd3b-f8e6a8747976&#8243; global_colors_info=&#8221;{}&#8221;][et_pb_column type=&#8221;2_3&#8243; _builder_version=&#8221;4.16.0&#8243; _module_preset=&#8221;73121f80-a3ef-4484-8763-c3f18e3c56d2&#8243; global_colors_info=&#8221;{}&#8221;][et_pb_heading title=&#8221;Kontaktirajte Nas&#8221; _builder_version=&#8221;4.24.3&#8243; _module_preset=&#8221;ba4a6336-701f-47b8-bf5c-09da0ce28016&#8243; title_text_color=&#8221;#FFFFFF&#8221; locked=&#8221;off&#8221; global_colors_info=&#8221;{}&#8221;][\/et_pb_heading][\/et_pb_column][et_pb_column type=&#8221;1_3&#8243; _builder_version=&#8221;4.16.0&#8243; _module_preset=&#8221;73121f80-a3ef-4484-8763-c3f18e3c56d2&#8243; global_colors_info=&#8221;{}&#8221;][et_pb_button button_text=&#8221;Ve\u010d Informacij&#8221; button_alignment=&#8221;right&#8221; button_alignment_tablet=&#8221;left&#8221; button_alignment_phone=&#8221;left&#8221; button_alignment_last_edited=&#8221;on|desktop&#8221; _builder_version=&#8221;4.27.4&#8243; _module_preset=&#8221;ab15fb74-61a3-43aa-96b3-41e09aeef654&#8243; hover_enabled=&#8221;0&#8243; global_colors_info=&#8221;{}&#8221; button_url=&#8221;https:\/\/www.informatika-jemec.si\/index.php\/kontakt\/&#8221; sticky_enabled=&#8221;0&#8243;][\/et_pb_button][\/et_pb_column][\/et_pb_row][\/et_pb_section]<\/p>\n","protected":false},"excerpt":{"rendered":"<p>Odkrijte celovite IT re\u0161itve, ki zagotavljajo nemoteno delovanje va\u0161ega podjetja.Zagotovite si zanesljivo delovanje s stalnim vzdr\u017eevanjem va\u0161ih IT sistemov.Za\u0161\u010ditite svoje podatke z na\u0161imi naprednimi re\u0161itvami za varnostne kopije.Optimizirajte svoje IT procese z na\u0161imi strokovnimi svetovalnimi storitvami.Informatika Jemec d.o.o. je \u017ee ve\u010d kot desetletje zanesljiv partner na podro\u010dju IT re\u0161itev. Na\u0161a misija je zagotavljati celovite in [&hellip;]<\/p>\n","protected":false},"author":1,"featured_media":0,"parent":0,"menu_order":0,"comment_status":"closed","ping_status":"closed","template":"","meta":{"_et_pb_use_builder":"on","_et_pb_old_content":"","_et_gb_content_width":"","footnotes":""},"class_list":["post-11","page","type-page","status-publish","hentry"],"yoast_head":"<!-- This site is optimized with the Yoast SEO plugin v26.6 - https:\/\/yoast.com\/wordpress\/plugins\/seo\/ -->\n<title>Storitve - Va\u0161 zanesljiv IT partner - Informatika Jemec d.o.o.<\/title>\n<meta name=\"robots\" content=\"index, follow, max-snippet:-1, max-image-preview:large, max-video-preview:-1\" \/>\n<link rel=\"canonical\" href=\"https:\/\/www.informatika-jemec.si\/index.php\/storitve\/\" \/>\n<meta property=\"og:locale\" content=\"sl_SI\" \/>\n<meta property=\"og:type\" content=\"article\" \/>\n<meta property=\"og:title\" content=\"Storitve - Va\u0161 zanesljiv IT partner - Informatika Jemec d.o.o.\" \/>\n<meta property=\"og:description\" content=\"Odkrijte celovite IT re\u0161itve, ki zagotavljajo nemoteno delovanje va\u0161ega podjetja.Zagotovite si zanesljivo delovanje s stalnim vzdr\u017eevanjem va\u0161ih IT sistemov.Za\u0161\u010ditite svoje podatke z na\u0161imi naprednimi re\u0161itvami za varnostne kopije.Optimizirajte svoje IT procese z na\u0161imi strokovnimi svetovalnimi storitvami.Informatika Jemec d.o.o. je \u017ee ve\u010d kot desetletje zanesljiv partner na podro\u010dju IT re\u0161itev. Na\u0161a misija je zagotavljati celovite in [&hellip;]\" \/>\n<meta property=\"og:url\" content=\"https:\/\/www.informatika-jemec.si\/index.php\/storitve\/\" \/>\n<meta property=\"og:site_name\" content=\"Va\u0161 zanesljiv IT partner - Informatika Jemec d.o.o.\" \/>\n<meta property=\"article:modified_time\" content=\"2025-06-10T09:12:33+00:00\" \/>\n<meta name=\"twitter:card\" content=\"summary_large_image\" \/>\n<meta name=\"twitter:label1\" content=\"Est. reading time\" \/>\n\t<meta name=\"twitter:data1\" content=\"10 minut\" \/>\n<script type=\"application\/ld+json\" class=\"yoast-schema-graph\">{\"@context\":\"https:\/\/schema.org\",\"@graph\":[{\"@type\":\"WebPage\",\"@id\":\"https:\/\/www.informatika-jemec.si\/index.php\/storitve\/\",\"url\":\"https:\/\/www.informatika-jemec.si\/index.php\/storitve\/\",\"name\":\"Storitve - Va\u0161 zanesljiv IT partner - Informatika Jemec d.o.o.\",\"isPartOf\":{\"@id\":\"https:\/\/www.informatika-jemec.si\/#website\"},\"datePublished\":\"2025-06-09T14:34:13+00:00\",\"dateModified\":\"2025-06-10T09:12:33+00:00\",\"breadcrumb\":{\"@id\":\"https:\/\/www.informatika-jemec.si\/index.php\/storitve\/#breadcrumb\"},\"inLanguage\":\"sl-SI\",\"potentialAction\":[{\"@type\":\"ReadAction\",\"target\":[\"https:\/\/www.informatika-jemec.si\/index.php\/storitve\/\"]}]},{\"@type\":\"BreadcrumbList\",\"@id\":\"https:\/\/www.informatika-jemec.si\/index.php\/storitve\/#breadcrumb\",\"itemListElement\":[{\"@type\":\"ListItem\",\"position\":1,\"name\":\"Home\",\"item\":\"https:\/\/www.informatika-jemec.si\/\"},{\"@type\":\"ListItem\",\"position\":2,\"name\":\"Storitve\"}]},{\"@type\":\"WebSite\",\"@id\":\"https:\/\/www.informatika-jemec.si\/#website\",\"url\":\"https:\/\/www.informatika-jemec.si\/\",\"name\":\"Va\u0161 zanesljiv IT partner - Informatika Jemec d.o.o.\",\"description\":\"Vzdr\u017eevanje IT sistemov\",\"potentialAction\":[{\"@type\":\"SearchAction\",\"target\":{\"@type\":\"EntryPoint\",\"urlTemplate\":\"https:\/\/www.informatika-jemec.si\/?s={search_term_string}\"},\"query-input\":{\"@type\":\"PropertyValueSpecification\",\"valueRequired\":true,\"valueName\":\"search_term_string\"}}],\"inLanguage\":\"sl-SI\"}]}<\/script>\n<!-- \/ Yoast SEO plugin. -->","yoast_head_json":{"title":"Storitve - Va\u0161 zanesljiv IT partner - Informatika Jemec d.o.o.","robots":{"index":"index","follow":"follow","max-snippet":"max-snippet:-1","max-image-preview":"max-image-preview:large","max-video-preview":"max-video-preview:-1"},"canonical":"https:\/\/www.informatika-jemec.si\/index.php\/storitve\/","og_locale":"sl_SI","og_type":"article","og_title":"Storitve - Va\u0161 zanesljiv IT partner - Informatika Jemec d.o.o.","og_description":"Odkrijte celovite IT re\u0161itve, ki zagotavljajo nemoteno delovanje va\u0161ega podjetja.Zagotovite si zanesljivo delovanje s stalnim vzdr\u017eevanjem va\u0161ih IT sistemov.Za\u0161\u010ditite svoje podatke z na\u0161imi naprednimi re\u0161itvami za varnostne kopije.Optimizirajte svoje IT procese z na\u0161imi strokovnimi svetovalnimi storitvami.Informatika Jemec d.o.o. je \u017ee ve\u010d kot desetletje zanesljiv partner na podro\u010dju IT re\u0161itev. Na\u0161a misija je zagotavljati celovite in [&hellip;]","og_url":"https:\/\/www.informatika-jemec.si\/index.php\/storitve\/","og_site_name":"Va\u0161 zanesljiv IT partner - Informatika Jemec d.o.o.","article_modified_time":"2025-06-10T09:12:33+00:00","twitter_card":"summary_large_image","twitter_misc":{"Est. reading time":"10 minut"},"schema":{"@context":"https:\/\/schema.org","@graph":[{"@type":"WebPage","@id":"https:\/\/www.informatika-jemec.si\/index.php\/storitve\/","url":"https:\/\/www.informatika-jemec.si\/index.php\/storitve\/","name":"Storitve - Va\u0161 zanesljiv IT partner - Informatika Jemec d.o.o.","isPartOf":{"@id":"https:\/\/www.informatika-jemec.si\/#website"},"datePublished":"2025-06-09T14:34:13+00:00","dateModified":"2025-06-10T09:12:33+00:00","breadcrumb":{"@id":"https:\/\/www.informatika-jemec.si\/index.php\/storitve\/#breadcrumb"},"inLanguage":"sl-SI","potentialAction":[{"@type":"ReadAction","target":["https:\/\/www.informatika-jemec.si\/index.php\/storitve\/"]}]},{"@type":"BreadcrumbList","@id":"https:\/\/www.informatika-jemec.si\/index.php\/storitve\/#breadcrumb","itemListElement":[{"@type":"ListItem","position":1,"name":"Home","item":"https:\/\/www.informatika-jemec.si\/"},{"@type":"ListItem","position":2,"name":"Storitve"}]},{"@type":"WebSite","@id":"https:\/\/www.informatika-jemec.si\/#website","url":"https:\/\/www.informatika-jemec.si\/","name":"Va\u0161 zanesljiv IT partner - Informatika Jemec d.o.o.","description":"Vzdr\u017eevanje IT sistemov","potentialAction":[{"@type":"SearchAction","target":{"@type":"EntryPoint","urlTemplate":"https:\/\/www.informatika-jemec.si\/?s={search_term_string}"},"query-input":{"@type":"PropertyValueSpecification","valueRequired":true,"valueName":"search_term_string"}}],"inLanguage":"sl-SI"}]}},"_links":{"self":[{"href":"https:\/\/www.informatika-jemec.si\/index.php\/wp-json\/wp\/v2\/pages\/11","targetHints":{"allow":["GET"]}}],"collection":[{"href":"https:\/\/www.informatika-jemec.si\/index.php\/wp-json\/wp\/v2\/pages"}],"about":[{"href":"https:\/\/www.informatika-jemec.si\/index.php\/wp-json\/wp\/v2\/types\/page"}],"author":[{"embeddable":true,"href":"https:\/\/www.informatika-jemec.si\/index.php\/wp-json\/wp\/v2\/users\/1"}],"replies":[{"embeddable":true,"href":"https:\/\/www.informatika-jemec.si\/index.php\/wp-json\/wp\/v2\/comments?post=11"}],"version-history":[{"count":3,"href":"https:\/\/www.informatika-jemec.si\/index.php\/wp-json\/wp\/v2\/pages\/11\/revisions"}],"predecessor-version":[{"id":72,"href":"https:\/\/www.informatika-jemec.si\/index.php\/wp-json\/wp\/v2\/pages\/11\/revisions\/72"}],"wp:attachment":[{"href":"https:\/\/www.informatika-jemec.si\/index.php\/wp-json\/wp\/v2\/media?parent=11"}],"curies":[{"name":"wp","href":"https:\/\/api.w.org\/{rel}","templated":true}]}}