{"id":15,"date":"2025-06-09T14:34:13","date_gmt":"2025-06-09T14:34:13","guid":{"rendered":"https:\/\/www.informatika-jemec.si\/?page_id=15"},"modified":"2025-06-09T15:02:02","modified_gmt":"2025-06-09T15:02:02","slug":"reference","status":"publish","type":"page","link":"https:\/\/www.informatika-jemec.si\/index.php\/reference\/","title":{"rendered":"Reference"},"content":{"rendered":"<p>[et_pb_section fb_built=&#8221;1&#8243; admin_label=&#8221;Hero&#8221; _builder_version=&#8221;4.24.3&#8243; _module_preset=&#8221;_module_preset=&#8221; background_image=&#8221;https:\/\/images.unsplash.com\/photo-1523240795612-9a054b0db644?ixid=M3w1ODkyNzF8MHwxfHNlYXJjaHw5fHxidXNpbmVzcyUyMHRlYW13b3JrfGVufDB8MHx8fDE3NDk0MjY0NTl8MA&#038;ixlib=rb-4.1.0&#038;fm=webp&#038;fit=crop&#038;crop=entropy&#038;w=1920&#038;h=1080&#038;q=20&#038;dpr=2&#8243; custom_padding=&#8221;8%||0px||false|false&#8221; locked=&#8221;off&#8221; collapsed=&#8221;on&#8221; global_colors_info=&#8221;{}&#8221;][et_pb_row _builder_version=&#8221;4.18.0&#8243; _module_preset=&#8221;5138c454-be54-4233-bd3b-f8e6a8747976&#8243; locked=&#8221;off&#8221; global_colors_info=&#8221;{}&#8221;][et_pb_column type=&#8221;4_4&#8243; _builder_version=&#8221;4.16&#8243; _module_preset=&#8221;73121f80-a3ef-4484-8763-c3f18e3c56d2&#8243; global_colors_info=&#8221;{}&#8221;][et_pb_heading title=&#8221;Odkrijte Na\u0161e Uspe\u0161ne Projekte&#8221; _builder_version=&#8221;4.24.2&#8243; _module_preset=&#8221;f0c675ea-2574-4d0e-b725-30f8550a8550&#8243; title_text_color=&#8221;gcid-primary-color&#8221; locked=&#8221;off&#8221; global_colors_info=&#8221;{%22gcid-primary-color%22:%91%22title_text_color%22%93}&#8221;][\/et_pb_heading][et_pb_heading title=&#8221;Va\u0161 Zanesljiv IT Partner za Izgradnjo ITK Sistemov&#8221; _builder_version=&#8221;4.24.2&#8243; _module_preset=&#8221;ddeb8c09-9078-4424-bc15-2efb6572e28e&#8221; title_text_color=&#8221;#FFFFFF&#8221; locked=&#8221;off&#8221; global_colors_info=&#8221;{}&#8221;][\/et_pb_heading][et_pb_text _builder_version=&#8221;4.24.2&#8243; _module_preset=&#8221;0504de1e-f5ff-4281-ba60-cbbe4edf98bc&#8221; locked=&#8221;off&#8221;]<\/p>\n<p>Na tej strani vam predstavljamo na\u0161e uspe\u0161ne projekte, ki dokazujejo u\u010dinkovitost na\u0161ih storitev in strokovnost na\u0161e ekipe.<\/p>\n<p>[\/et_pb_text][et_pb_button button_text=&#8221;Razi\u0161\u010di Projekte&#8221; _builder_version=&#8221;4.24.3&#8243; _module_preset=&#8221;ab15fb74-61a3-43aa-96b3-41e09aeef654&#8243; locked=&#8221;off&#8221; global_colors_info=&#8221;{}&#8221;][\/et_pb_button][\/et_pb_column][\/et_pb_row][et_pb_row column_structure=&#8221;1_4,1_4,1_4,1_4&#8243; make_equal=&#8221;on&#8221; _builder_version=&#8221;4.24.3&#8243; _module_preset=&#8221;5138c454-be54-4233-bd3b-f8e6a8747976&#8243; background_color=&#8221;#FFFFFF&#8221; custom_margin=&#8221;8%||||false|false&#8221; custom_padding=&#8221;0px||0px||true|false&#8221; border_radii=&#8221;off||6px||&#8221; border_radii_tablet=&#8221;off||6px||&#8221; border_radii_phone=&#8221;off||6px||&#8221; border_radii_last_edited=&#8221;on|desktop&#8221; box_shadow_style=&#8221;preset4&#8243; box_shadow_horizontal=&#8221;-31vw&#8221; box_shadow_vertical=&#8221;0px&#8221; box_shadow_color=&#8221;#FFFFFF&#8221; global_colors_info=&#8221;{}&#8221;][et_pb_column type=&#8221;1_4&#8243; _builder_version=&#8221;4.16&#8243; _module_preset=&#8221;73121f80-a3ef-4484-8763-c3f18e3c56d2&#8243; custom_padding=&#8221;30px||||false|false&#8221; custom_padding_tablet=&#8221;40px|20px|40px||true|false&#8221; custom_padding_phone=&#8221;30px||30px||true|true&#8221; custom_padding_last_edited=&#8221;off|desktop&#8221; global_colors_info=&#8221;{}&#8221;][et_pb_blurb title=&#8221;Napredna IT Infrastruktura&#8221; use_icon=&#8221;on&#8221; font_icon=&#8221;&#xf248;||fa||400&#8243; _builder_version=&#8221;4.24.3&#8243; _module_preset=&#8221;1ea53d41-9439-472c-8d8b-7bddb3bf9444&#8243; global_colors_info=&#8221;{}&#8221;]<\/p>\n<p>Na\u0161i projekti vklju\u010dujejo celovite re\u0161itve za vzpostavitev in vzdr\u017eevanje IT infrastrukture.<\/p>\n<p>[\/et_pb_blurb][\/et_pb_column][et_pb_column type=&#8221;1_4&#8243; _builder_version=&#8221;4.16&#8243; _module_preset=&#8221;73121f80-a3ef-4484-8763-c3f18e3c56d2&#8243; custom_padding=&#8221;30px||||false|false&#8221; global_colors_info=&#8221;{}&#8221;][et_pb_blurb title=&#8221;Varnostne Re\u0161itve&#8221; use_icon=&#8221;on&#8221; font_icon=&#8221;&#xe06c;||fa||900&#8243; _builder_version=&#8221;4.24.3&#8243; _module_preset=&#8221;1ea53d41-9439-472c-8d8b-7bddb3bf9444&#8243; locked=&#8221;off&#8221; global_colors_info=&#8221;{}&#8221;]<\/p>\n<p>Implementiramo robustne varnostne sisteme, ki \u0161\u010ditijo va\u0161e podatke in poslovanje.<\/p>\n<p>[\/et_pb_blurb][\/et_pb_column][et_pb_column type=&#8221;1_4&#8243; _builder_version=&#8221;4.16&#8243; _module_preset=&#8221;73121f80-a3ef-4484-8763-c3f18e3c56d2&#8243; custom_padding=&#8221;30px||||false|false&#8221; global_colors_info=&#8221;{}&#8221;][et_pb_blurb title=&#8221;Podpora in Vzdr\u017eevanje&#8221; use_icon=&#8221;on&#8221; font_icon=&#8221;&#xf7d9;||fa||900&#8243; _builder_version=&#8221;4.24.3&#8243; _module_preset=&#8221;1ea53d41-9439-472c-8d8b-7bddb3bf9444&#8243; locked=&#8221;off&#8221; global_colors_info=&#8221;{}&#8221;]<\/p>\n<p>Nudimo stalno podporo in vzdr\u017eevanje, da va\u0161i sistemi delujejo brezhibno.<\/p>\n<p>[\/et_pb_blurb][\/et_pb_column][et_pb_column type=&#8221;1_4&#8243; _builder_version=&#8221;4.24.3&#8243; _module_preset=&#8221;73121f80-a3ef-4484-8763-c3f18e3c56d2&#8243; background_color=&#8221;gcid-secondary-color&#8221; transform_translate=&#8221;1px|0px&#8221; transform_translate_linked=&#8221;off&#8221; custom_padding=&#8221;50px|20px|50px|20px|true|true&#8221; custom_padding_tablet=&#8221;||||true|false&#8221; custom_padding_phone=&#8221;30px||30px||true|true&#8221; custom_padding_last_edited=&#8221;on|phone&#8221; global_colors_info=&#8221;{%22gcid-secondary-color%22:%91%22background_color%22%93}&#8221;][et_pb_button button_text=&#8221;Kontaktirajte Nas&#8221; button_alignment=&#8221;center&#8221; _builder_version=&#8221;4.24.3&#8243; _module_preset=&#8221;ab15fb74-61a3-43aa-96b3-41e09aeef654&#8243; button_text_color=&#8221;gcid-secondary-color&#8221; global_colors_info=&#8221;{%22gcid-secondary-color%22:%91%22button_text_color%22%93}&#8221;][\/et_pb_button][\/et_pb_column][\/et_pb_row][\/et_pb_section][et_pb_section fb_built=&#8221;1&#8243; admin_label=&#8221;Portfolio&#8221; _builder_version=&#8221;4.25.1&#8243; _module_preset=&#8221;default&#8221; collapsed=&#8221;on&#8221; global_colors_info=&#8221;{}&#8221;][et_pb_row _builder_version=&#8221;4.25.1&#8243; _module_preset=&#8221;default&#8221; global_colors_info=&#8221;{}&#8221;][et_pb_column type=&#8221;4_4&#8243; _builder_version=&#8221;4.25.1&#8243; _module_preset=&#8221;default&#8221; global_colors_info=&#8221;{}&#8221;][et_pb_heading title=&#8221;Na\u0161i Uspe\u0161ni Projekti&#8221; _builder_version=&#8221;4.25.1&#8243; _module_preset=&#8221;c33f07d9-41e0-421a-8799-5799df695cce&#8221; locked=&#8221;off&#8221; global_colors_info=&#8221;{}&#8221;][\/et_pb_heading][et_pb_filterable_portfolio posts_number=&#8221;12&#8243; _builder_version=&#8221;4.25.2&#8243; _module_preset=&#8221;8a3ce21b-59d8-437f-b389-fdd80d4b5de7&#8243; global_colors_info=&#8221;{}&#8221;][\/et_pb_filterable_portfolio][\/et_pb_column][\/et_pb_row][\/et_pb_section][et_pb_section fb_built=&#8221;1&#8243; admin_label=&#8221;Services&#8221; _builder_version=&#8221;4.17.6&#8243; _module_preset=&#8221;default&#8221; locked=&#8221;off&#8221; collapsed=&#8221;on&#8221; global_colors_info=&#8221;{}&#8221;][et_pb_row _builder_version=&#8221;4.17.6&#8243; _module_preset=&#8221;5138c454-be54-4233-bd3b-f8e6a8747976&#8243; locked=&#8221;off&#8221; global_colors_info=&#8221;{}&#8221;][et_pb_column type=&#8221;4_4&#8243; _builder_version=&#8221;4.17.3&#8243; _module_preset=&#8221;73121f80-a3ef-4484-8763-c3f18e3c56d2&#8243; global_colors_info=&#8221;{}&#8221;][et_pb_heading title=&#8221;Na\u0161e Storitve&#8221; _builder_version=&#8221;4.24.2&#8243; _module_preset=&#8221;c33f07d9-41e0-421a-8799-5799df695cce&#8221; title_text_align=&#8221;center&#8221; locked=&#8221;off&#8221; global_colors_info=&#8221;{}&#8221;][\/et_pb_heading][et_pb_text _builder_version=&#8221;4.24.3&#8243; _module_preset=&#8221;2c55a9c4-feed-423b-9edb-ae0b5b365cac&#8221; text_orientation=&#8221;center&#8221; max_width=&#8221;800px&#8221; module_alignment=&#8221;center&#8221; global_colors_info=&#8221;{}&#8221;]<\/p>\n<p>Na\u0161e strokovne storitve so klju\u010dne za uspeh va\u0161ih projektov. Ponosni smo na na\u0161o sposobnost zagotavljanja celovitih IT re\u0161itev, ki so prilagojene va\u0161im potrebam.<\/p>\n<p>[\/et_pb_text][\/et_pb_column][\/et_pb_row][et_pb_row column_structure=&#8221;1_2,1_2&#8243; _builder_version=&#8221;4.24.2&#8243; _module_preset=&#8221;5138c454-be54-4233-bd3b-f8e6a8747976&#8243; max_width=&#8221;800px&#8221; global_colors_info=&#8221;{}&#8221;][et_pb_column type=&#8221;1_2&#8243; _builder_version=&#8221;4.17.3&#8243; _module_preset=&#8221;73121f80-a3ef-4484-8763-c3f18e3c56d2&#8243; global_colors_info=&#8221;{}&#8221;][et_pb_blurb title=&#8221;Upravljanje IT Sistemov&#8221; use_icon=&#8221;on&#8221; font_icon=&#8221;&#xf085;||fa||900&#8243; icon_alignment=&#8221;center&#8221; _builder_version=&#8221;4.24.3&#8243; _module_preset=&#8221;212b201d-2c34-41bd-936c-851b7357d08b&#8221; text_orientation=&#8221;center&#8221; locked=&#8221;off&#8221; global_colors_info=&#8221;{%22gcid-body-color%22:%91%22body_text_color%22,%22body_text_color%22%93,%22gcid-heading-color%22:%91%22header_text_color%22,%22header_text_color%22%93}&#8221;]<\/p>\n<p>Na\u0161a ekipa strokovnjakov zagotavlja nemoteno delovanje va\u0161ih IT sistemov z rednim vzdr\u017eevanjem in optimizacijo.<\/p>\n<p>[\/et_pb_blurb][\/et_pb_column][et_pb_column type=&#8221;1_2&#8243; _builder_version=&#8221;4.17.3&#8243; _module_preset=&#8221;73121f80-a3ef-4484-8763-c3f18e3c56d2&#8243; global_colors_info=&#8221;{}&#8221;][et_pb_blurb title=&#8221;Varnostne Kopije in Obnova&#8221; use_icon=&#8221;on&#8221; font_icon=&#8221;&#xf1c0;||fa||900&#8243; icon_alignment=&#8221;center&#8221; _builder_version=&#8221;4.24.3&#8243; _module_preset=&#8221;212b201d-2c34-41bd-936c-851b7357d08b&#8221; text_orientation=&#8221;center&#8221; locked=&#8221;off&#8221; global_colors_info=&#8221;{%22gcid-body-color%22:%91%22body_text_color%22,%22body_text_color%22%93,%22gcid-heading-color%22:%91%22header_text_color%22,%22header_text_color%22%93}&#8221;]<\/p>\n<p>Zagotavljamo varnost va\u0161ih podatkov z naprednimi re\u0161itvami za varnostno kopiranje in hitro obnovo v primeru izgube podatkov.<\/p>\n<p>[\/et_pb_blurb][\/et_pb_column][\/et_pb_row][et_pb_row column_structure=&#8221;1_2,1_2&#8243; _builder_version=&#8221;4.24.2&#8243; _module_preset=&#8221;5138c454-be54-4233-bd3b-f8e6a8747976&#8243; max_width=&#8221;800px&#8221; global_colors_info=&#8221;{}&#8221;][et_pb_column type=&#8221;1_2&#8243; _builder_version=&#8221;4.17.3&#8243; _module_preset=&#8221;73121f80-a3ef-4484-8763-c3f18e3c56d2&#8243; global_colors_info=&#8221;{}&#8221;][et_pb_blurb title=&#8221;Obla\u010dne Re\u0161itve&#8221; use_icon=&#8221;on&#8221; font_icon=&#8221;&#xe012;||divi||400&#8243; icon_alignment=&#8221;center&#8221; _builder_version=&#8221;4.24.3&#8243; _module_preset=&#8221;212b201d-2c34-41bd-936c-851b7357d08b&#8221; text_orientation=&#8221;center&#8221; locked=&#8221;off&#8221; global_colors_info=&#8221;{%22gcid-body-color%22:%91%22body_text_color%22,%22body_text_color%22%93,%22gcid-heading-color%22:%91%22header_text_color%22,%22header_text_color%22%93}&#8221;]<\/p>\n<p>Ponujamo prilagodljive obla\u010dne re\u0161itve, ki omogo\u010dajo varno in u\u010dinkovito shranjevanje ter dostop do va\u0161ih podatkov kjerkoli in kadarkoli.<\/p>\n<p>[\/et_pb_blurb][\/et_pb_column][et_pb_column type=&#8221;1_2&#8243; _builder_version=&#8221;4.17.3&#8243; _module_preset=&#8221;73121f80-a3ef-4484-8763-c3f18e3c56d2&#8243; global_colors_info=&#8221;{}&#8221;][et_pb_blurb title=&#8221;Kibernetska Varnost&#8221; use_icon=&#8221;on&#8221; font_icon=&#8221;&#xe0f6;||divi||400&#8243; icon_alignment=&#8221;center&#8221; _builder_version=&#8221;4.24.3&#8243; _module_preset=&#8221;212b201d-2c34-41bd-936c-851b7357d08b&#8221; text_orientation=&#8221;center&#8221; locked=&#8221;off&#8221; global_colors_info=&#8221;{%22gcid-body-color%22:%91%22body_text_color%22,%22body_text_color%22%93,%22gcid-heading-color%22:%91%22header_text_color%22,%22header_text_color%22%93}&#8221;]<\/p>\n<p>Za\u0161\u010ditite svoje podjetje pred kibernetskimi gro\u017enjami z na\u0161imi naprednimi varnostnimi re\u0161itvami, ki vklju\u010dujejo za\u0161\u010dito omre\u017eja in podatkov.<\/p>\n<p>[\/et_pb_blurb][\/et_pb_column][\/et_pb_row][\/et_pb_section][et_pb_section fb_built=&#8221;1&#8243; admin_label=&#8221;About&#8221; _builder_version=&#8221;4.25.1&#8243; _module_preset=&#8221;default&#8221; locked=&#8221;off&#8221; collapsed=&#8221;on&#8221; global_colors_info=&#8221;{}&#8221;][et_pb_row _builder_version=&#8221;4.25.1&#8243; _module_preset=&#8221;048d8e79-b07f-439b-bd57-f41c14f0a56b&#8221; global_colors_info=&#8221;{}&#8221;][et_pb_column type=&#8221;4_4&#8243; _builder_version=&#8221;4.25.1&#8243; _module_preset=&#8221;default&#8221; global_colors_info=&#8221;{}&#8221;][et_pb_heading title=&#8221;O Nas&#8221; _builder_version=&#8221;4.25.1&#8243; _module_preset=&#8221;c33f07d9-41e0-421a-8799-5799df695cce&#8221; title_text_align=&#8221;center&#8221; global_colors_info=&#8221;{}&#8221;][\/et_pb_heading][et_pb_text _builder_version=&#8221;4.25.1&#8243; _module_preset=&#8221;2c55a9c4-feed-423b-9edb-ae0b5b365cac&#8221; text_orientation=&#8221;center&#8221; global_colors_info=&#8221;{}&#8221;]<\/p>\n<p>Informatika Jemec d.o.o. je vodilno podjetje na podro\u010dju IT re\u0161itev v Sloveniji. Z ve\u010d kot dvajsetletnimi izku\u0161njami smo postali zaupanja vreden partner za \u0161tevilna podjetja. Na\u0161a misija je zagotavljanje vrhunskih IT storitev, ki podpirajo rast in uspeh na\u0161ih strank. Zavezani smo k inovacijam, kakovosti in zanesljivosti, kar nas postavlja v ospredje tehnolo\u0161kega napredka.<\/p>\n<p>[\/et_pb_text][\/et_pb_column][\/et_pb_row][\/et_pb_section][et_pb_section fb_built=&#8221;1&#8243; admin_label=&#8221;Call to Action&#8221; _builder_version=&#8221;4.18.0&#8243; _module_preset=&#8221;default&#8221; locked=&#8221;off&#8221; collapsed=&#8221;on&#8221; global_colors_info=&#8221;{}&#8221;][et_pb_row column_structure=&#8221;2_3,1_3&#8243; _builder_version=&#8221;4.18.0&#8243; _module_preset=&#8221;5138c454-be54-4233-bd3b-f8e6a8747976&#8243; global_colors_info=&#8221;{}&#8221;][et_pb_column type=&#8221;2_3&#8243; _builder_version=&#8221;4.18.0&#8243; _module_preset=&#8221;73121f80-a3ef-4484-8763-c3f18e3c56d2&#8243; global_colors_info=&#8221;{}&#8221;][et_pb_blurb title=&#8221;Stopite v Stik z Nami&#8221; use_icon=&#8221;on&#8221; font_icon=&#8221;&#xf2a0;||fa||900&#8243; icon_color=&#8221;gcid-secondary-color&#8221; _builder_version=&#8221;4.24.3&#8243; _module_preset=&#8221;65059203-12d3-44f6-8371-3f5cf61a0475&#8243; global_colors_info=&#8221;{%22gcid-36fd78a7-34bc-404d-873c-dafa34efaae5%22:%91%22image_icon_background_color%22,%22button_text_color%22%93,%22gcid-heading-color%22:%91%22header_text_color%22%93,%22gcid-body-color%22:%91%22body_text_color%22%93,%22gcid-f2943306-fa6c-45f0-b632-5fc00151366a%22:%91%22button_text_color%22%93,%22gcid-secondary-color%22:%91%22icon_color%22%93}&#8221;]<\/p>\n<p>\u017delite izvedeti ve\u010d o tem, kako lahko na\u0161e storitve podprejo va\u0161 posel? Kontaktirajte nas \u0161e danes in za\u010dnite svoj naslednji projekt z zanesljivim partnerjem.<\/p>\n<p>[\/et_pb_blurb][\/et_pb_column][et_pb_column type=&#8221;1_3&#8243; _builder_version=&#8221;4.18.0&#8243; _module_preset=&#8221;73121f80-a3ef-4484-8763-c3f18e3c56d2&#8243; global_colors_info=&#8221;{}&#8221;][et_pb_button button_text=&#8221;Kontaktirajte Nas&#8221; button_alignment=&#8221;right&#8221; button_alignment_tablet=&#8221;left&#8221; button_alignment_phone=&#8221;left&#8221; button_alignment_last_edited=&#8221;on|tablet&#8221; _builder_version=&#8221;4.24.3&#8243; _module_preset=&#8221;1bffc0fc-42a0-49d1-bd9a-ae3ade2d7206&#8243; button_bg_color=&#8221;gcid-secondary-color&#8221; locked=&#8221;off&#8221; global_colors_info=&#8221;{%22gcid-secondary-color%22:%91%22button_bg_color%22%93}&#8221;][\/et_pb_button][\/et_pb_column][\/et_pb_row][\/et_pb_section]<\/p>\n","protected":false},"excerpt":{"rendered":"<p>Na tej strani vam predstavljamo na\u0161e uspe\u0161ne projekte, ki dokazujejo u\u010dinkovitost na\u0161ih storitev in strokovnost na\u0161e ekipe.Na\u0161i projekti vklju\u010dujejo celovite re\u0161itve za vzpostavitev in vzdr\u017eevanje IT infrastrukture.Implementiramo robustne varnostne sisteme, ki \u0161\u010ditijo va\u0161e podatke in poslovanje.Nudimo stalno podporo in vzdr\u017eevanje, da va\u0161i sistemi delujejo brezhibno.Na\u0161e strokovne storitve so klju\u010dne za uspeh va\u0161ih projektov. Ponosni smo [&hellip;]<\/p>\n","protected":false},"author":1,"featured_media":0,"parent":0,"menu_order":0,"comment_status":"closed","ping_status":"closed","template":"","meta":{"_et_pb_use_builder":"on","_et_pb_old_content":"","_et_gb_content_width":"","footnotes":""},"class_list":["post-15","page","type-page","status-publish","hentry"],"yoast_head":"<!-- This site is optimized with the Yoast SEO plugin v26.6 - https:\/\/yoast.com\/wordpress\/plugins\/seo\/ -->\n<title>Reference - Va\u0161 zanesljiv IT partner - Informatika Jemec d.o.o.<\/title>\n<meta name=\"robots\" content=\"index, follow, max-snippet:-1, max-image-preview:large, max-video-preview:-1\" \/>\n<link rel=\"canonical\" href=\"https:\/\/www.informatika-jemec.si\/index.php\/reference\/\" \/>\n<meta property=\"og:locale\" content=\"sl_SI\" \/>\n<meta property=\"og:type\" content=\"article\" \/>\n<meta property=\"og:title\" content=\"Reference - Va\u0161 zanesljiv IT partner - Informatika Jemec d.o.o.\" \/>\n<meta property=\"og:description\" content=\"Na tej strani vam predstavljamo na\u0161e uspe\u0161ne projekte, ki dokazujejo u\u010dinkovitost na\u0161ih storitev in strokovnost na\u0161e ekipe.Na\u0161i projekti vklju\u010dujejo celovite re\u0161itve za vzpostavitev in vzdr\u017eevanje IT infrastrukture.Implementiramo robustne varnostne sisteme, ki \u0161\u010ditijo va\u0161e podatke in poslovanje.Nudimo stalno podporo in vzdr\u017eevanje, da va\u0161i sistemi delujejo brezhibno.Na\u0161e strokovne storitve so klju\u010dne za uspeh va\u0161ih projektov. Ponosni smo [&hellip;]\" \/>\n<meta property=\"og:url\" content=\"https:\/\/www.informatika-jemec.si\/index.php\/reference\/\" \/>\n<meta property=\"og:site_name\" content=\"Va\u0161 zanesljiv IT partner - Informatika Jemec d.o.o.\" \/>\n<meta property=\"article:modified_time\" content=\"2025-06-09T15:02:02+00:00\" \/>\n<meta name=\"twitter:card\" content=\"summary_large_image\" \/>\n<meta name=\"twitter:label1\" content=\"Est. reading time\" \/>\n\t<meta name=\"twitter:data1\" content=\"9 minut\" \/>\n<script type=\"application\/ld+json\" class=\"yoast-schema-graph\">{\"@context\":\"https:\/\/schema.org\",\"@graph\":[{\"@type\":\"WebPage\",\"@id\":\"https:\/\/www.informatika-jemec.si\/index.php\/reference\/\",\"url\":\"https:\/\/www.informatika-jemec.si\/index.php\/reference\/\",\"name\":\"Reference - Va\u0161 zanesljiv IT partner - Informatika Jemec d.o.o.\",\"isPartOf\":{\"@id\":\"https:\/\/www.informatika-jemec.si\/#website\"},\"datePublished\":\"2025-06-09T14:34:13+00:00\",\"dateModified\":\"2025-06-09T15:02:02+00:00\",\"breadcrumb\":{\"@id\":\"https:\/\/www.informatika-jemec.si\/index.php\/reference\/#breadcrumb\"},\"inLanguage\":\"sl-SI\",\"potentialAction\":[{\"@type\":\"ReadAction\",\"target\":[\"https:\/\/www.informatika-jemec.si\/index.php\/reference\/\"]}]},{\"@type\":\"BreadcrumbList\",\"@id\":\"https:\/\/www.informatika-jemec.si\/index.php\/reference\/#breadcrumb\",\"itemListElement\":[{\"@type\":\"ListItem\",\"position\":1,\"name\":\"Home\",\"item\":\"https:\/\/www.informatika-jemec.si\/\"},{\"@type\":\"ListItem\",\"position\":2,\"name\":\"Reference\"}]},{\"@type\":\"WebSite\",\"@id\":\"https:\/\/www.informatika-jemec.si\/#website\",\"url\":\"https:\/\/www.informatika-jemec.si\/\",\"name\":\"Va\u0161 zanesljiv IT partner - Informatika Jemec d.o.o.\",\"description\":\"Vzdr\u017eevanje IT sistemov\",\"potentialAction\":[{\"@type\":\"SearchAction\",\"target\":{\"@type\":\"EntryPoint\",\"urlTemplate\":\"https:\/\/www.informatika-jemec.si\/?s={search_term_string}\"},\"query-input\":{\"@type\":\"PropertyValueSpecification\",\"valueRequired\":true,\"valueName\":\"search_term_string\"}}],\"inLanguage\":\"sl-SI\"}]}<\/script>\n<!-- \/ Yoast SEO plugin. -->","yoast_head_json":{"title":"Reference - Va\u0161 zanesljiv IT partner - Informatika Jemec d.o.o.","robots":{"index":"index","follow":"follow","max-snippet":"max-snippet:-1","max-image-preview":"max-image-preview:large","max-video-preview":"max-video-preview:-1"},"canonical":"https:\/\/www.informatika-jemec.si\/index.php\/reference\/","og_locale":"sl_SI","og_type":"article","og_title":"Reference - Va\u0161 zanesljiv IT partner - Informatika Jemec d.o.o.","og_description":"Na tej strani vam predstavljamo na\u0161e uspe\u0161ne projekte, ki dokazujejo u\u010dinkovitost na\u0161ih storitev in strokovnost na\u0161e ekipe.Na\u0161i projekti vklju\u010dujejo celovite re\u0161itve za vzpostavitev in vzdr\u017eevanje IT infrastrukture.Implementiramo robustne varnostne sisteme, ki \u0161\u010ditijo va\u0161e podatke in poslovanje.Nudimo stalno podporo in vzdr\u017eevanje, da va\u0161i sistemi delujejo brezhibno.Na\u0161e strokovne storitve so klju\u010dne za uspeh va\u0161ih projektov. Ponosni smo [&hellip;]","og_url":"https:\/\/www.informatika-jemec.si\/index.php\/reference\/","og_site_name":"Va\u0161 zanesljiv IT partner - Informatika Jemec d.o.o.","article_modified_time":"2025-06-09T15:02:02+00:00","twitter_card":"summary_large_image","twitter_misc":{"Est. reading time":"9 minut"},"schema":{"@context":"https:\/\/schema.org","@graph":[{"@type":"WebPage","@id":"https:\/\/www.informatika-jemec.si\/index.php\/reference\/","url":"https:\/\/www.informatika-jemec.si\/index.php\/reference\/","name":"Reference - Va\u0161 zanesljiv IT partner - Informatika Jemec d.o.o.","isPartOf":{"@id":"https:\/\/www.informatika-jemec.si\/#website"},"datePublished":"2025-06-09T14:34:13+00:00","dateModified":"2025-06-09T15:02:02+00:00","breadcrumb":{"@id":"https:\/\/www.informatika-jemec.si\/index.php\/reference\/#breadcrumb"},"inLanguage":"sl-SI","potentialAction":[{"@type":"ReadAction","target":["https:\/\/www.informatika-jemec.si\/index.php\/reference\/"]}]},{"@type":"BreadcrumbList","@id":"https:\/\/www.informatika-jemec.si\/index.php\/reference\/#breadcrumb","itemListElement":[{"@type":"ListItem","position":1,"name":"Home","item":"https:\/\/www.informatika-jemec.si\/"},{"@type":"ListItem","position":2,"name":"Reference"}]},{"@type":"WebSite","@id":"https:\/\/www.informatika-jemec.si\/#website","url":"https:\/\/www.informatika-jemec.si\/","name":"Va\u0161 zanesljiv IT partner - Informatika Jemec d.o.o.","description":"Vzdr\u017eevanje IT sistemov","potentialAction":[{"@type":"SearchAction","target":{"@type":"EntryPoint","urlTemplate":"https:\/\/www.informatika-jemec.si\/?s={search_term_string}"},"query-input":{"@type":"PropertyValueSpecification","valueRequired":true,"valueName":"search_term_string"}}],"inLanguage":"sl-SI"}]}},"_links":{"self":[{"href":"https:\/\/www.informatika-jemec.si\/index.php\/wp-json\/wp\/v2\/pages\/15","targetHints":{"allow":["GET"]}}],"collection":[{"href":"https:\/\/www.informatika-jemec.si\/index.php\/wp-json\/wp\/v2\/pages"}],"about":[{"href":"https:\/\/www.informatika-jemec.si\/index.php\/wp-json\/wp\/v2\/types\/page"}],"author":[{"embeddable":true,"href":"https:\/\/www.informatika-jemec.si\/index.php\/wp-json\/wp\/v2\/users\/1"}],"replies":[{"embeddable":true,"href":"https:\/\/www.informatika-jemec.si\/index.php\/wp-json\/wp\/v2\/comments?post=15"}],"version-history":[{"count":2,"href":"https:\/\/www.informatika-jemec.si\/index.php\/wp-json\/wp\/v2\/pages\/15\/revisions"}],"predecessor-version":[{"id":57,"href":"https:\/\/www.informatika-jemec.si\/index.php\/wp-json\/wp\/v2\/pages\/15\/revisions\/57"}],"wp:attachment":[{"href":"https:\/\/www.informatika-jemec.si\/index.php\/wp-json\/wp\/v2\/media?parent=15"}],"curies":[{"name":"wp","href":"https:\/\/api.w.org\/{rel}","templated":true}]}}